{"id":449,"date":"2019-05-06T17:40:32","date_gmt":"2019-05-06T15:40:32","guid":{"rendered":"https:\/\/www.reclaim-award.org\/?page_id=449"},"modified":"2023-11-27T16:27:59","modified_gmt":"2023-11-27T15:27:59","slug":"legal-disclosure","status":"publish","type":"page","link":"https:\/\/www.reclaim-award.org\/en\/legal-disclosure\/","title":{"rendered":"Legal Disclosure"},"content":{"rendered":"<div class=\"container-fluid\">\r\n<div class=\"row bigtypo\">\r\n<div class=\"col-12\">\r\n\r\nLegal Disclosure\r\n\r\n<\/div>\r\n<\/div>\r\n<\/div>\r\n<div class=\"container-fluid\">\r\n<div id=\"scroll\" class=\"row smallertypo\">\r\n<div class=\"col-md-6 offset-md-4\">\r\n<p class=\"p1\"><span class=\"s1\">Information in accordance with Section 5 TMG\u00a0<\/span><span class=\"s2\"><br\/>\r\n<\/span><span class=\"s1\">Handorf\/Naber\/W\u00fcndrich GbR<\/span><span class=\"s2\"><br\/>\r\n<\/span><span class=\"s1\">Br\u00fcsseler Stra\u00dfe 72<\/span><span class=\"s2\"><br\/>\r\n<\/span><span class=\"s1\">50672 K\u00f6ln<\/span><\/p>\r\nRepresented by<br\/>\r\nTobias Handorf, J\u00fcrgen Naber, Caspar W\u00fcndrich<br\/><br\/>\r\n\r\nContact Information<br\/>\r\nTelephone: +49 221 98864991<br\/>\r\nE-Mail:\u00a0desk@reclaim-award.org<br\/>\r\nInternet address:\u00a0www.reclaim-award.org<br\/><br\/>\r\n\r\nDisclaimer<br\/>\r\n<em>Accountability for content<\/em><br\/>\r\nThe contents of our pages have been created with the utmost care. However, we cannot guarantee the contents&#8217; accuracy, completeness or topicality. According to statutory provisions, we are furthermore responsible for our own content on these web pages. In this matter, please note that we are not obliged to monitor the transmitted or saved information of third parties, or investigate circumstances pointing to illegal activity. Our obligations to remove or block the use of information under generally applicable laws remain unaffected by this as per \u00a7\u00a7 8 to 10 of the Telemedia Act (TMG).<br\/><br\/>\r\n\r\n<em>Accountability for links<\/em><br\/>\r\nResponsibility for the content of external links (to web pages of third parties) lies solely with the operators of the linked pages. No violations were evident to us at the time of linking. Should any legal infringement become known to us, we will remove the respective link immediately.<br\/><br\/>\r\n\r\n<em>Copyright<\/em><br\/>\r\nOur web pages and their contents are subject to German copyright law. Unless expressly permitted by law, every form of utilizing, reproducing or processing works subject to copyright protection on our web pages requires the prior consent of the respective owner of the rights. Individual reproductions of a work are only allowed for private use. The materials from these pages are copyrighted and any unauthorized use may violate copyright laws.<br\/><br\/>\r\n\r\nSource: <a href=\"https:\/\/www.translate-24h.de\/\" target=\"_blank\" rel=\"noopener noreferrer\">https:\/\/www.translate-24h.de\/<\/a>\r\n\r\n<\/div>\r\n<\/div>\r\n<\/div>","protected":false},"excerpt":{"rendered":"<p>Legal Disclosure Information in accordance with Section 5 TMG\u00a0 Handorf\/Naber\/W\u00fcndrich GbR Br\u00fcsseler Stra\u00dfe 72 50672 K\u00f6ln Represented by Tobias Handorf, J\u00fcrgen Naber, Caspar W\u00fcndrich Contact Information Telephone: +49 221 98864991 E-Mail:\u00a0desk@reclaim-award.org Internet address:\u00a0www.reclaim-award.org Disclaimer Accountability for content The contents of our pages have been created with the utmost care. However, we cannot guarantee the contents&#8217; [&hellip;]<\/p>\n","protected":false},"author":2,"featured_media":0,"parent":0,"menu_order":0,"comment_status":"closed","ping_status":"closed","template":"","meta":[],"yoast_head":"<!-- This site is optimized with the Yoast SEO plugin v18.4.1 - https:\/\/yoast.com\/wordpress\/plugins\/seo\/ -->\n<title>Legal Disclosure &mdash; Reclaim Award<\/title>\n<meta name=\"robots\" content=\"noindex, nofollow\" \/>\n<meta property=\"og:locale\" content=\"en_US\" \/>\n<meta property=\"og:type\" content=\"article\" \/>\n<meta property=\"og:title\" content=\"Legal Disclosure &mdash; Reclaim Award\" \/>\n<meta property=\"og:description\" content=\"Legal Disclosure Information in accordance with Section 5 TMG\u00a0 Handorf\/Naber\/W\u00fcndrich GbR Br\u00fcsseler Stra\u00dfe 72 50672 K\u00f6ln Represented by Tobias Handorf, J\u00fcrgen Naber, Caspar W\u00fcndrich Contact Information Telephone: +49 221 98864991 E-Mail:\u00a0desk@reclaim-award.org Internet address:\u00a0www.reclaim-award.org Disclaimer Accountability for content The contents of our pages have been created with the utmost care. However, we cannot guarantee the contents&#8217; [&hellip;]\" \/>\n<meta property=\"og:url\" content=\"https:\/\/www.reclaim-award.org\/en\/legal-disclosure\/\" \/>\n<meta property=\"og:site_name\" content=\"Reclaim Award\" \/>\n<meta property=\"article:publisher\" content=\"https:\/\/www.facebook.com\/reclaimaward\/\" \/>\n<meta property=\"article:modified_time\" content=\"2023-11-27T15:27:59+00:00\" \/>\n<meta name=\"twitter:card\" content=\"summary_large_image\" \/>\n<meta name=\"twitter:label1\" content=\"Est. reading time\" \/>\n\t<meta name=\"twitter:data1\" content=\"1 minute\" \/>\n<script type=\"application\/ld+json\" class=\"yoast-schema-graph\">{\"@context\":\"https:\/\/schema.org\",\"@graph\":[{\"@type\":\"WebSite\",\"@id\":\"https:\/\/www.reclaim-award.org\/en\/#website\",\"url\":\"https:\/\/www.reclaim-award.org\/en\/\",\"name\":\"Reclaim Award\",\"description\":\"Eine weitere WordPress-Website\",\"potentialAction\":[{\"@type\":\"SearchAction\",\"target\":{\"@type\":\"EntryPoint\",\"urlTemplate\":\"https:\/\/www.reclaim-award.org\/en\/?s={search_term_string}\"},\"query-input\":\"required name=search_term_string\"}],\"inLanguage\":\"en-US\"},{\"@type\":\"WebPage\",\"@id\":\"https:\/\/www.reclaim-award.org\/en\/legal-disclosure\/#webpage\",\"url\":\"https:\/\/www.reclaim-award.org\/en\/legal-disclosure\/\",\"name\":\"Legal Disclosure &mdash; Reclaim Award\",\"isPartOf\":{\"@id\":\"https:\/\/www.reclaim-award.org\/en\/#website\"},\"datePublished\":\"2019-05-06T15:40:32+00:00\",\"dateModified\":\"2023-11-27T15:27:59+00:00\",\"breadcrumb\":{\"@id\":\"https:\/\/www.reclaim-award.org\/en\/legal-disclosure\/#breadcrumb\"},\"inLanguage\":\"en-US\",\"potentialAction\":[{\"@type\":\"ReadAction\",\"target\":[\"https:\/\/www.reclaim-award.org\/en\/legal-disclosure\/\"]}]},{\"@type\":\"BreadcrumbList\",\"@id\":\"https:\/\/www.reclaim-award.org\/en\/legal-disclosure\/#breadcrumb\",\"itemListElement\":[{\"@type\":\"ListItem\",\"position\":1,\"name\":\"Startseite\",\"item\":\"https:\/\/www.reclaim-award.org\/en\/\"},{\"@type\":\"ListItem\",\"position\":2,\"name\":\"Legal Disclosure\"}]}]}<\/script>\n<!-- \/ Yoast SEO plugin. -->","yoast_head_json":{"title":"Legal Disclosure &mdash; Reclaim Award","robots":{"index":"noindex","follow":"nofollow"},"og_locale":"en_US","og_type":"article","og_title":"Legal Disclosure &mdash; Reclaim Award","og_description":"Legal Disclosure Information in accordance with Section 5 TMG\u00a0 Handorf\/Naber\/W\u00fcndrich GbR Br\u00fcsseler Stra\u00dfe 72 50672 K\u00f6ln Represented by Tobias Handorf, J\u00fcrgen Naber, Caspar W\u00fcndrich Contact Information Telephone: +49 221 98864991 E-Mail:\u00a0desk@reclaim-award.org Internet address:\u00a0www.reclaim-award.org Disclaimer Accountability for content The contents of our pages have been created with the utmost care. However, we cannot guarantee the contents&#8217; [&hellip;]","og_url":"https:\/\/www.reclaim-award.org\/en\/legal-disclosure\/","og_site_name":"Reclaim Award","article_publisher":"https:\/\/www.facebook.com\/reclaimaward\/","article_modified_time":"2023-11-27T15:27:59+00:00","twitter_card":"summary_large_image","twitter_misc":{"Est. reading time":"1 minute"},"schema":{"@context":"https:\/\/schema.org","@graph":[{"@type":"WebSite","@id":"https:\/\/www.reclaim-award.org\/en\/#website","url":"https:\/\/www.reclaim-award.org\/en\/","name":"Reclaim Award","description":"Eine weitere WordPress-Website","potentialAction":[{"@type":"SearchAction","target":{"@type":"EntryPoint","urlTemplate":"https:\/\/www.reclaim-award.org\/en\/?s={search_term_string}"},"query-input":"required name=search_term_string"}],"inLanguage":"en-US"},{"@type":"WebPage","@id":"https:\/\/www.reclaim-award.org\/en\/legal-disclosure\/#webpage","url":"https:\/\/www.reclaim-award.org\/en\/legal-disclosure\/","name":"Legal Disclosure &mdash; Reclaim Award","isPartOf":{"@id":"https:\/\/www.reclaim-award.org\/en\/#website"},"datePublished":"2019-05-06T15:40:32+00:00","dateModified":"2023-11-27T15:27:59+00:00","breadcrumb":{"@id":"https:\/\/www.reclaim-award.org\/en\/legal-disclosure\/#breadcrumb"},"inLanguage":"en-US","potentialAction":[{"@type":"ReadAction","target":["https:\/\/www.reclaim-award.org\/en\/legal-disclosure\/"]}]},{"@type":"BreadcrumbList","@id":"https:\/\/www.reclaim-award.org\/en\/legal-disclosure\/#breadcrumb","itemListElement":[{"@type":"ListItem","position":1,"name":"Startseite","item":"https:\/\/www.reclaim-award.org\/en\/"},{"@type":"ListItem","position":2,"name":"Legal Disclosure"}]}]}},"_links":{"self":[{"href":"https:\/\/www.reclaim-award.org\/en\/wp-json\/wp\/v2\/pages\/449\/"}],"collection":[{"href":"https:\/\/www.reclaim-award.org\/en\/wp-json\/wp\/v2\/pages\/"}],"about":[{"href":"https:\/\/www.reclaim-award.org\/en\/wp-json\/wp\/v2\/types\/page\/"}],"author":[{"embeddable":true,"href":"https:\/\/www.reclaim-award.org\/en\/wp-json\/wp\/v2\/users\/2\/"}],"replies":[{"embeddable":true,"href":"https:\/\/www.reclaim-award.org\/en\/wp-json\/wp\/v2\/comments\/?post=449"}],"version-history":[{"count":14,"href":"https:\/\/www.reclaim-award.org\/en\/wp-json\/wp\/v2\/pages\/449\/revisions\/"}],"predecessor-version":[{"id":3442,"href":"https:\/\/www.reclaim-award.org\/en\/wp-json\/wp\/v2\/pages\/449\/revisions\/3442\/"}],"wp:attachment":[{"href":"https:\/\/www.reclaim-award.org\/en\/wp-json\/wp\/v2\/media\/?parent=449"}],"curies":[{"name":"wp","href":"https:\/\/api.w.org\/{rel}","templated":true}]}}