{"id":427,"date":"2019-05-04T16:15:43","date_gmt":"2019-05-04T14:15:43","guid":{"rendered":"https:\/\/www.reclaim-award.org\/?page_id=427"},"modified":"2023-11-27T16:25:04","modified_gmt":"2023-11-27T15:25:04","slug":"support","status":"publish","type":"page","link":"https:\/\/www.reclaim-award.org\/en\/support\/","title":{"rendered":"Support"},"content":{"rendered":"<div class=\"container-fluid\"><div class=\"row justify-content-center bigtypo\"><div class=\"col-12 col-sm-10\"><p>\r\nBecome a poster sponsor\r\n<\/p><\/div><\/div><\/div>\r\n\r\n<div class=\"container-fluid\" id=\"scroll\"><div class=\"row smallertypo\"><div class=\"col-md-6 offset-md-4\">\r\nBillboards become cultural conceptual spaces, artistic canvases or photographic landscapes. The city becomes a public museum. Reclaim replaces advertising in Cologne on 18\/1 billboards with art. Once a year, since 2019, we have been showing around 40-50 international positions in a ten-day group exhibition in public space. Low-threshold, free of charge and accessible to all.\r\n<\/div><\/div><\/div>\r\n\r\n<div class=\"container-fluid\"><div class=\"row justify-content-center bigtypo\"><div class=\"col-12 col-sm-10\"><p>\r\nWar in Ukraine\r\n<\/p><\/div><\/div><\/div>\r\n\r\n<div class=\"container-fluid\" id=\"scroll\"><div class=\"row smallertypo\"><div class=\"col-md-6 offset-md-4\">\r\nThe format remains the same. Due to the dramatic situation in Ukraine, we have decided at short notice to support Ukrainian artists with our award in 2022. We want to give you the opportunity to play in Cologne&#8217;s public space for ten days in a group exhibition. With your artistic work, you can send a signal against war and for peace and freedom. Accompanying the exhibition, we call for donations for the Blue-Yellow Cross, which supports the people in Ukraine. For this purpose, we are working together with our cooperation partners.\r\n<\/div><\/div><\/div>\r\n\r\n<div class=\"container-fluid\"><div class=\"row justify-content-center bigtypo\"><div class=\"col-12 col-sm-10\"><p>\r\nTo support us in this project, you can become a poster sponsor and finance a poster space for a Ukrainian artist for \u20ac 55. The more artists you fund, the better!\r\n<\/p><\/div><\/div><\/div>\r\n\r\n<div class=\"container-fluid\" id=\"scroll\"><div class=\"row smallertypo\"><div class=\"col-md-6 offset-md-4\">\r\nAll donations over and above the production costs incurred will be donated by the Reclaim Collective to the Blue-Yellow Cross. In return:\r\n<\/br><\/br>\r\n\u2192 If desired, naming on the website as supporter:in<\/br>\r\n\u2192 Presentation of the name as supporter on sponsor poster<\/br>\r\n\u2192 Mention on social media channels<\/br>\r\n<\/br><\/br>\r\nRecipient: Reclaim Award<\/br>\r\nIBAN: DE43 4306 0967 4106 7519 00<\/br>\r\nBIC: GENODEM1GLS<\/br>\r\nSubject: Reclaim Peace<\/br>\r\nPayPal: desk@reclaim-award.org<\/br>\r\n<\/br><\/br>\r\nWe thank our supporters for their support:\r\n<\/div><\/div><\/div>\r\n\r\n<div class=\"container-fluid\"><div class=\"row justify-content-center bigtypo\"><div class=\"col-12 col-sm-10\"><p>\r\nPia und Jan Gesellchen, Jan Kr\u00e4mer (Ruhrkomplex), Str\u00f6er Media Deutschland GmbH, Ernst Poensgen-Stiftung, Supersteini, Michael Horbach-Stiftung, ssp formfaktor GmbH, W\u00fcndrich Landschaftsarchitekten, Gehre Media Consulting, Ulrich Naber, Stefan Gretzer, Matti Petersen\r\n<\/p><\/div><\/div><\/div>","protected":false},"excerpt":{"rendered":"","protected":false},"author":2,"featured_media":0,"parent":0,"menu_order":0,"comment_status":"closed","ping_status":"closed","template":"","meta":[],"yoast_head":"<!-- This site is optimized with the Yoast SEO plugin v18.4.1 - https:\/\/yoast.com\/wordpress\/plugins\/seo\/ -->\n<title>Support &mdash; Reclaim Award<\/title>\n<meta name=\"robots\" content=\"index, follow, max-snippet:-1, max-image-preview:large, max-video-preview:-1\" \/>\n<link rel=\"canonical\" href=\"https:\/\/www.reclaim-award.org\/en\/support\/\" \/>\n<meta property=\"og:locale\" content=\"en_US\" \/>\n<meta property=\"og:type\" content=\"article\" \/>\n<meta property=\"og:title\" content=\"Support &mdash; Reclaim Award\" \/>\n<meta property=\"og:url\" content=\"https:\/\/www.reclaim-award.org\/en\/support\/\" \/>\n<meta property=\"og:site_name\" content=\"Reclaim Award\" \/>\n<meta property=\"article:publisher\" content=\"https:\/\/www.facebook.com\/reclaimaward\/\" \/>\n<meta property=\"article:modified_time\" content=\"2023-11-27T15:25:04+00:00\" \/>\n<meta name=\"twitter:card\" content=\"summary_large_image\" \/>\n<meta name=\"twitter:label1\" content=\"Est. reading time\" \/>\n\t<meta name=\"twitter:data1\" content=\"2 minutes\" \/>\n<script type=\"application\/ld+json\" class=\"yoast-schema-graph\">{\"@context\":\"https:\/\/schema.org\",\"@graph\":[{\"@type\":\"WebSite\",\"@id\":\"https:\/\/www.reclaim-award.org\/en\/#website\",\"url\":\"https:\/\/www.reclaim-award.org\/en\/\",\"name\":\"Reclaim Award\",\"description\":\"Eine weitere WordPress-Website\",\"potentialAction\":[{\"@type\":\"SearchAction\",\"target\":{\"@type\":\"EntryPoint\",\"urlTemplate\":\"https:\/\/www.reclaim-award.org\/en\/?s={search_term_string}\"},\"query-input\":\"required name=search_term_string\"}],\"inLanguage\":\"en-US\"},{\"@type\":\"WebPage\",\"@id\":\"https:\/\/www.reclaim-award.org\/en\/support\/#webpage\",\"url\":\"https:\/\/www.reclaim-award.org\/en\/support\/\",\"name\":\"Support &mdash; Reclaim Award\",\"isPartOf\":{\"@id\":\"https:\/\/www.reclaim-award.org\/en\/#website\"},\"datePublished\":\"2019-05-04T14:15:43+00:00\",\"dateModified\":\"2023-11-27T15:25:04+00:00\",\"breadcrumb\":{\"@id\":\"https:\/\/www.reclaim-award.org\/en\/support\/#breadcrumb\"},\"inLanguage\":\"en-US\",\"potentialAction\":[{\"@type\":\"ReadAction\",\"target\":[\"https:\/\/www.reclaim-award.org\/en\/support\/\"]}]},{\"@type\":\"BreadcrumbList\",\"@id\":\"https:\/\/www.reclaim-award.org\/en\/support\/#breadcrumb\",\"itemListElement\":[{\"@type\":\"ListItem\",\"position\":1,\"name\":\"Startseite\",\"item\":\"https:\/\/www.reclaim-award.org\/en\/\"},{\"@type\":\"ListItem\",\"position\":2,\"name\":\"Support\"}]}]}<\/script>\n<!-- \/ Yoast SEO plugin. -->","yoast_head_json":{"title":"Support &mdash; Reclaim Award","robots":{"index":"index","follow":"follow","max-snippet":"max-snippet:-1","max-image-preview":"max-image-preview:large","max-video-preview":"max-video-preview:-1"},"canonical":"https:\/\/www.reclaim-award.org\/en\/support\/","og_locale":"en_US","og_type":"article","og_title":"Support &mdash; Reclaim Award","og_url":"https:\/\/www.reclaim-award.org\/en\/support\/","og_site_name":"Reclaim Award","article_publisher":"https:\/\/www.facebook.com\/reclaimaward\/","article_modified_time":"2023-11-27T15:25:04+00:00","twitter_card":"summary_large_image","twitter_misc":{"Est. reading time":"2 minutes"},"schema":{"@context":"https:\/\/schema.org","@graph":[{"@type":"WebSite","@id":"https:\/\/www.reclaim-award.org\/en\/#website","url":"https:\/\/www.reclaim-award.org\/en\/","name":"Reclaim Award","description":"Eine weitere WordPress-Website","potentialAction":[{"@type":"SearchAction","target":{"@type":"EntryPoint","urlTemplate":"https:\/\/www.reclaim-award.org\/en\/?s={search_term_string}"},"query-input":"required name=search_term_string"}],"inLanguage":"en-US"},{"@type":"WebPage","@id":"https:\/\/www.reclaim-award.org\/en\/support\/#webpage","url":"https:\/\/www.reclaim-award.org\/en\/support\/","name":"Support &mdash; Reclaim Award","isPartOf":{"@id":"https:\/\/www.reclaim-award.org\/en\/#website"},"datePublished":"2019-05-04T14:15:43+00:00","dateModified":"2023-11-27T15:25:04+00:00","breadcrumb":{"@id":"https:\/\/www.reclaim-award.org\/en\/support\/#breadcrumb"},"inLanguage":"en-US","potentialAction":[{"@type":"ReadAction","target":["https:\/\/www.reclaim-award.org\/en\/support\/"]}]},{"@type":"BreadcrumbList","@id":"https:\/\/www.reclaim-award.org\/en\/support\/#breadcrumb","itemListElement":[{"@type":"ListItem","position":1,"name":"Startseite","item":"https:\/\/www.reclaim-award.org\/en\/"},{"@type":"ListItem","position":2,"name":"Support"}]}]}},"_links":{"self":[{"href":"https:\/\/www.reclaim-award.org\/en\/wp-json\/wp\/v2\/pages\/427\/"}],"collection":[{"href":"https:\/\/www.reclaim-award.org\/en\/wp-json\/wp\/v2\/pages\/"}],"about":[{"href":"https:\/\/www.reclaim-award.org\/en\/wp-json\/wp\/v2\/types\/page\/"}],"author":[{"embeddable":true,"href":"https:\/\/www.reclaim-award.org\/en\/wp-json\/wp\/v2\/users\/2\/"}],"replies":[{"embeddable":true,"href":"https:\/\/www.reclaim-award.org\/en\/wp-json\/wp\/v2\/comments\/?post=427"}],"version-history":[{"count":29,"href":"https:\/\/www.reclaim-award.org\/en\/wp-json\/wp\/v2\/pages\/427\/revisions\/"}],"predecessor-version":[{"id":5153,"href":"https:\/\/www.reclaim-award.org\/en\/wp-json\/wp\/v2\/pages\/427\/revisions\/5153\/"}],"wp:attachment":[{"href":"https:\/\/www.reclaim-award.org\/en\/wp-json\/wp\/v2\/media\/?parent=427"}],"curies":[{"name":"wp","href":"https:\/\/api.w.org\/{rel}","templated":true}]}}