{"id":1951,"date":"2020-06-15T10:38:01","date_gmt":"2020-06-15T08:38:01","guid":{"rendered":"https:\/\/www.reclaim-award.org\/?page_id=1951"},"modified":"2020-06-16T10:25:49","modified_gmt":"2020-06-16T08:25:49","slug":"carole-fekete","status":"publish","type":"page","link":"https:\/\/www.reclaim-award.org\/en\/winners\/carole-fekete\/","title":{"rendered":"Carole F\u00e9k\u00e9t\u00e9<br \/>Pension Anatoli Vassiliev"},"content":{"rendered":"Carole F\u00e9k\u00e9t\u00e9\u2019s photograph from 2001 shows us the common room of a Moscow guest house. Curtains and chairs match one another perfectly. Too perfect? The borders between the objects lose their sharpness, making it hard to distinguish their shapes and details. However, the message is clear: take a seat and become part of this bizarre scene. ","protected":false},"excerpt":{"rendered":"<p>Carole F\u00e9k\u00e9t\u00e9\u2019s photograph from 2001 shows us the common room of a Moscow guest house. Curtains and chairs match one another perfectly. Too perfect? The borders between the objects lose their sharpness, making it hard to distinguish their shapes and details. However, the message is clear: take a seat and become part of this bizarre [&hellip;]<\/p>\n","protected":false},"author":2,"featured_media":2299,"parent":1840,"menu_order":0,"comment_status":"closed","ping_status":"closed","template":"page-gewinner.php","meta":[],"yoast_head":"<!-- This site is optimized with the Yoast SEO plugin v18.4.1 - https:\/\/yoast.com\/wordpress\/plugins\/seo\/ -->\n<title>Carole F\u00e9k\u00e9t\u00e9Pension Anatoli Vassiliev &mdash; Reclaim Award<\/title>\n<meta name=\"robots\" content=\"index, follow, max-snippet:-1, max-image-preview:large, max-video-preview:-1\" \/>\n<link rel=\"canonical\" href=\"https:\/\/www.reclaim-award.org\/en\/winners\/carole-fekete\/\" \/>\n<meta property=\"og:locale\" content=\"en_US\" \/>\n<meta property=\"og:type\" content=\"article\" \/>\n<meta property=\"og:title\" content=\"Carole F\u00e9k\u00e9t\u00e9Pension Anatoli Vassiliev &mdash; Reclaim Award\" \/>\n<meta property=\"og:description\" content=\"Carole F\u00e9k\u00e9t\u00e9\u2019s photograph from 2001 shows us the common room of a Moscow guest house. Curtains and chairs match one another perfectly. Too perfect? The borders between the objects lose their sharpness, making it hard to distinguish their shapes and details. However, the message is clear: take a seat and become part of this bizarre [&hellip;]\" \/>\n<meta property=\"og:url\" content=\"https:\/\/www.reclaim-award.org\/en\/winners\/carole-fekete\/\" \/>\n<meta property=\"og:site_name\" content=\"Reclaim Award\" \/>\n<meta property=\"article:publisher\" content=\"https:\/\/www.facebook.com\/reclaimaward\/\" \/>\n<meta property=\"article:modified_time\" content=\"2020-06-16T08:25:49+00:00\" \/>\n<meta property=\"og:image\" content=\"https:\/\/www.reclaim-award.org\/wp-content\/uploads\/2020\/06\/Reclaim-Award-2020_Carole_Fekete-0529.jpg\" \/>\n\t<meta property=\"og:image:width\" content=\"1600\" \/>\n\t<meta property=\"og:image:height\" content=\"1067\" \/>\n\t<meta property=\"og:image:type\" content=\"image\/jpeg\" \/>\n<meta name=\"twitter:card\" content=\"summary_large_image\" \/>\n<script type=\"application\/ld+json\" class=\"yoast-schema-graph\">{\"@context\":\"https:\/\/schema.org\",\"@graph\":[{\"@type\":\"WebSite\",\"@id\":\"https:\/\/www.reclaim-award.org\/en\/#website\",\"url\":\"https:\/\/www.reclaim-award.org\/en\/\",\"name\":\"Reclaim Award\",\"description\":\"Eine weitere WordPress-Website\",\"potentialAction\":[{\"@type\":\"SearchAction\",\"target\":{\"@type\":\"EntryPoint\",\"urlTemplate\":\"https:\/\/www.reclaim-award.org\/en\/?s={search_term_string}\"},\"query-input\":\"required name=search_term_string\"}],\"inLanguage\":\"en-US\"},{\"@type\":\"ImageObject\",\"@id\":\"https:\/\/www.reclaim-award.org\/en\/winners\/carole-fekete\/#primaryimage\",\"inLanguage\":\"en-US\",\"url\":\"https:\/\/www.reclaim-award.org\/wp-content\/uploads\/2020\/06\/Reclaim-Award-2020_Carole_Fekete-0529.jpg\",\"contentUrl\":\"https:\/\/www.reclaim-award.org\/wp-content\/uploads\/2020\/06\/Reclaim-Award-2020_Carole_Fekete-0529.jpg\",\"width\":1600,\"height\":1067},{\"@type\":\"WebPage\",\"@id\":\"https:\/\/www.reclaim-award.org\/en\/winners\/carole-fekete\/#webpage\",\"url\":\"https:\/\/www.reclaim-award.org\/en\/winners\/carole-fekete\/\",\"name\":\"Carole F\u00e9k\u00e9t\u00e9 Pension Anatoli Vassiliev &mdash; Reclaim Award\",\"isPartOf\":{\"@id\":\"https:\/\/www.reclaim-award.org\/en\/#website\"},\"primaryImageOfPage\":{\"@id\":\"https:\/\/www.reclaim-award.org\/en\/winners\/carole-fekete\/#primaryimage\"},\"datePublished\":\"2020-06-15T08:38:01+00:00\",\"dateModified\":\"2020-06-16T08:25:49+00:00\",\"breadcrumb\":{\"@id\":\"https:\/\/www.reclaim-award.org\/en\/winners\/carole-fekete\/#breadcrumb\"},\"inLanguage\":\"en-US\",\"potentialAction\":[{\"@type\":\"ReadAction\",\"target\":[\"https:\/\/www.reclaim-award.org\/en\/winners\/carole-fekete\/\"]}]},{\"@type\":\"BreadcrumbList\",\"@id\":\"https:\/\/www.reclaim-award.org\/en\/winners\/carole-fekete\/#breadcrumb\",\"itemListElement\":[{\"@type\":\"ListItem\",\"position\":1,\"name\":\"Startseite\",\"item\":\"https:\/\/www.reclaim-award.org\/en\/\"},{\"@type\":\"ListItem\",\"position\":2,\"name\":\"Winners 2020\",\"item\":\"https:\/\/www.reclaim-award.org\/en\/winners\/\"},{\"@type\":\"ListItem\",\"position\":3,\"name\":\"Carole F\u00e9k\u00e9t\u00e9Pension Anatoli Vassiliev\"}]}]}<\/script>\n<!-- \/ Yoast SEO plugin. -->","yoast_head_json":{"title":"Carole F\u00e9k\u00e9t\u00e9Pension Anatoli Vassiliev &mdash; Reclaim Award","robots":{"index":"index","follow":"follow","max-snippet":"max-snippet:-1","max-image-preview":"max-image-preview:large","max-video-preview":"max-video-preview:-1"},"canonical":"https:\/\/www.reclaim-award.org\/en\/winners\/carole-fekete\/","og_locale":"en_US","og_type":"article","og_title":"Carole F\u00e9k\u00e9t\u00e9Pension Anatoli Vassiliev &mdash; Reclaim Award","og_description":"Carole F\u00e9k\u00e9t\u00e9\u2019s photograph from 2001 shows us the common room of a Moscow guest house. Curtains and chairs match one another perfectly. Too perfect? The borders between the objects lose their sharpness, making it hard to distinguish their shapes and details. However, the message is clear: take a seat and become part of this bizarre [&hellip;]","og_url":"https:\/\/www.reclaim-award.org\/en\/winners\/carole-fekete\/","og_site_name":"Reclaim Award","article_publisher":"https:\/\/www.facebook.com\/reclaimaward\/","article_modified_time":"2020-06-16T08:25:49+00:00","og_image":[{"width":1600,"height":1067,"url":"https:\/\/www.reclaim-award.org\/wp-content\/uploads\/2020\/06\/Reclaim-Award-2020_Carole_Fekete-0529.jpg","type":"image\/jpeg"}],"twitter_card":"summary_large_image","schema":{"@context":"https:\/\/schema.org","@graph":[{"@type":"WebSite","@id":"https:\/\/www.reclaim-award.org\/en\/#website","url":"https:\/\/www.reclaim-award.org\/en\/","name":"Reclaim Award","description":"Eine weitere WordPress-Website","potentialAction":[{"@type":"SearchAction","target":{"@type":"EntryPoint","urlTemplate":"https:\/\/www.reclaim-award.org\/en\/?s={search_term_string}"},"query-input":"required name=search_term_string"}],"inLanguage":"en-US"},{"@type":"ImageObject","@id":"https:\/\/www.reclaim-award.org\/en\/winners\/carole-fekete\/#primaryimage","inLanguage":"en-US","url":"https:\/\/www.reclaim-award.org\/wp-content\/uploads\/2020\/06\/Reclaim-Award-2020_Carole_Fekete-0529.jpg","contentUrl":"https:\/\/www.reclaim-award.org\/wp-content\/uploads\/2020\/06\/Reclaim-Award-2020_Carole_Fekete-0529.jpg","width":1600,"height":1067},{"@type":"WebPage","@id":"https:\/\/www.reclaim-award.org\/en\/winners\/carole-fekete\/#webpage","url":"https:\/\/www.reclaim-award.org\/en\/winners\/carole-fekete\/","name":"Carole F\u00e9k\u00e9t\u00e9 Pension Anatoli Vassiliev &mdash; Reclaim Award","isPartOf":{"@id":"https:\/\/www.reclaim-award.org\/en\/#website"},"primaryImageOfPage":{"@id":"https:\/\/www.reclaim-award.org\/en\/winners\/carole-fekete\/#primaryimage"},"datePublished":"2020-06-15T08:38:01+00:00","dateModified":"2020-06-16T08:25:49+00:00","breadcrumb":{"@id":"https:\/\/www.reclaim-award.org\/en\/winners\/carole-fekete\/#breadcrumb"},"inLanguage":"en-US","potentialAction":[{"@type":"ReadAction","target":["https:\/\/www.reclaim-award.org\/en\/winners\/carole-fekete\/"]}]},{"@type":"BreadcrumbList","@id":"https:\/\/www.reclaim-award.org\/en\/winners\/carole-fekete\/#breadcrumb","itemListElement":[{"@type":"ListItem","position":1,"name":"Startseite","item":"https:\/\/www.reclaim-award.org\/en\/"},{"@type":"ListItem","position":2,"name":"Winners 2020","item":"https:\/\/www.reclaim-award.org\/en\/winners\/"},{"@type":"ListItem","position":3,"name":"Carole F\u00e9k\u00e9t\u00e9Pension Anatoli Vassiliev"}]}]}},"_links":{"self":[{"href":"https:\/\/www.reclaim-award.org\/en\/wp-json\/wp\/v2\/pages\/1951\/"}],"collection":[{"href":"https:\/\/www.reclaim-award.org\/en\/wp-json\/wp\/v2\/pages\/"}],"about":[{"href":"https:\/\/www.reclaim-award.org\/en\/wp-json\/wp\/v2\/types\/page\/"}],"author":[{"embeddable":true,"href":"https:\/\/www.reclaim-award.org\/en\/wp-json\/wp\/v2\/users\/2\/"}],"replies":[{"embeddable":true,"href":"https:\/\/www.reclaim-award.org\/en\/wp-json\/wp\/v2\/comments\/?post=1951"}],"version-history":[{"count":2,"href":"https:\/\/www.reclaim-award.org\/en\/wp-json\/wp\/v2\/pages\/1951\/revisions\/"}],"predecessor-version":[{"id":2191,"href":"https:\/\/www.reclaim-award.org\/en\/wp-json\/wp\/v2\/pages\/1951\/revisions\/2191\/"}],"up":[{"embeddable":true,"href":"https:\/\/www.reclaim-award.org\/en\/wp-json\/wp\/v2\/pages\/1840\/"}],"wp:featuredmedia":[{"embeddable":true,"href":"https:\/\/www.reclaim-award.org\/en\/wp-json\/wp\/v2\/media\/2299\/"}],"wp:attachment":[{"href":"https:\/\/www.reclaim-award.org\/en\/wp-json\/wp\/v2\/media\/?parent=1951"}],"curies":[{"name":"wp","href":"https:\/\/api.w.org\/{rel}","templated":true}]}}